{"id":8165,"date":"2023-06-14T21:29:48","date_gmt":"2023-06-14T19:29:48","guid":{"rendered":"https:\/\/www.erwinsattler.com\/contact-2\/"},"modified":"2025-12-12T10:47:47","modified_gmt":"2025-12-12T09:47:47","slug":"contact","status":"publish","type":"page","link":"https:\/\/www.erwinsattler.com\/en\/contact\/","title":{"rendered":"Contact us"},"content":{"rendered":"\t\t<div data-elementor-type=\"wp-page\" data-elementor-id=\"8165\" class=\"elementor elementor-8165 elementor-8143\" data-elementor-post-type=\"page\">\n\t\t\t\t\t\t<section class=\"elementor-section elementor-top-section elementor-element elementor-element-109f34b elementor-section-boxed elementor-section-height-default elementor-section-height-default\" data-id=\"109f34b\" data-element_type=\"section\">\n\t\t\t\t\t\t<div class=\"elementor-container elementor-column-gap-default\">\n\t\t\t\t\t<div class=\"elementor-column elementor-col-100 elementor-top-column elementor-element elementor-element-a492268\" data-id=\"a492268\" data-element_type=\"column\">\n\t\t\t<div class=\"elementor-widget-wrap elementor-element-populated\">\n\t\t\t\t\t\t<div class=\"elementor-element elementor-element-8660666 elementor-widget elementor-widget-shortcode\" data-id=\"8660666\" data-element_type=\"widget\" data-widget_type=\"shortcode.default\">\n\t\t\t\t<div class=\"elementor-widget-container\">\n\t\t\t\t\t\t\t<div class=\"elementor-shortcode\"><span property=\"itemListElement\" typeof=\"ListItem\"><a property=\"item\" typeof=\"WebPage\" title=\"Go to Erwinsattler.com.\" href=\"https:\/\/www.erwinsattler.com\/en\/\" class=\"home\" aria-current=\"page\"><span property=\"name\">Home<\/span><\/a><meta property=\"position\" content=\"1\"><\/span><\/div>\n\t\t\t\t\t\t<\/div>\n\t\t\t\t<\/div>\n\t\t\t\t\t<\/div>\n\t\t<\/div>\n\t\t\t\t\t<\/div>\n\t\t<\/section>\n\t\t\t\t<section class=\"elementor-section elementor-top-section elementor-element elementor-element-308de67 elementor-section-boxed elementor-section-height-default elementor-section-height-default\" data-id=\"308de67\" data-element_type=\"section\">\n\t\t\t\t\t\t<div class=\"elementor-container elementor-column-gap-default\">\n\t\t\t\t\t<div class=\"elementor-column elementor-col-50 elementor-top-column elementor-element elementor-element-6c4aab3\" data-id=\"6c4aab3\" data-element_type=\"column\">\n\t\t\t<div class=\"elementor-widget-wrap elementor-element-populated\">\n\t\t\t\t\t\t<div class=\"elementor-element elementor-element-30604f9 elementor-widget elementor-widget-text-editor\" data-id=\"30604f9\" data-element_type=\"widget\" data-widget_type=\"text-editor.default\">\n\t\t\t\t<div class=\"elementor-widget-container\">\n\t\t\t\t\t\t\t\t\t<p>We always strive to satisfy you. Your opinion is important to us. Your questions and comments help us to continuously improve our service.  <\/p><p>Erwin Sattler GmbH &amp; Co. KG<br>Gro\u00dfuhrenmanufaktur<br>Lohenstra\u00dfe 6<br>D &#8211; 82166 Gr\u00e4felfing<br>Germany<\/p><p>Tel. +49 (0)89 8955806-0<\/p><p>E-mail: <a href=\"mailto:info@www.erwinsattler.com\">info (at) erwinsattler.de<\/a><\/p>\t\t\t\t\t\t\t\t<\/div>\n\t\t\t\t<\/div>\n\t\t\t\t\t<\/div>\n\t\t<\/div>\n\t\t\t\t<div class=\"elementor-column elementor-col-50 elementor-top-column elementor-element elementor-element-e60a510\" data-id=\"e60a510\" data-element_type=\"column\">\n\t\t\t<div class=\"elementor-widget-wrap elementor-element-populated\">\n\t\t\t\t\t\t<div class=\"elementor-element elementor-element-284fbc6 elementor-widget elementor-widget-shortcode\" data-id=\"284fbc6\" data-element_type=\"widget\" data-widget_type=\"shortcode.default\">\n\t\t\t\t<div class=\"elementor-widget-container\">\n\t\t\t\t\t\t\t<div class=\"elementor-shortcode\">\n<div class=\"wpcf7 no-js\" id=\"wpcf7-f8169-o1\" lang=\"en-US\" dir=\"ltr\" data-wpcf7-id=\"8169\">\n<div class=\"screen-reader-response\"><p role=\"status\" aria-live=\"polite\" aria-atomic=\"true\"><\/p> <ul><\/ul><\/div>\n<form action=\"\/en\/wp-json\/wp\/v2\/pages\/8165#wpcf7-f8169-o1\" method=\"post\" class=\"wpcf7-form init\" aria-label=\"Contact form\" novalidate=\"novalidate\" data-status=\"init\">\n<fieldset class=\"hidden-fields-container\"><input type=\"hidden\" name=\"_wpcf7\" value=\"8169\" \/><input type=\"hidden\" name=\"_wpcf7_version\" value=\"6.1.4\" \/><input type=\"hidden\" name=\"_wpcf7_locale\" value=\"en_US\" \/><input type=\"hidden\" name=\"_wpcf7_unit_tag\" value=\"wpcf7-f8169-o1\" \/><input type=\"hidden\" name=\"_wpcf7_container_post\" value=\"0\" \/><input type=\"hidden\" name=\"_wpcf7_posted_data_hash\" value=\"\" \/>\n<\/fieldset>\n<p>Anrede (Pflichtfeld) <span class=\"wpcf7-form-control-wrap\" data-name=\"Anrede-001\"><span class=\"wpcf7-form-control wpcf7-radio\"><span class=\"wpcf7-list-item first\"><label><input type=\"radio\" name=\"Anrede-001\" value=\"Ms.\" \/><span class=\"wpcf7-list-item-label\">Ms.<\/span><\/label><\/span><span class=\"wpcf7-list-item last\"><label><input type=\"radio\" name=\"Anrede-001\" value=\"Mr.\" \/><span class=\"wpcf7-list-item-label\">Mr.<\/span><\/label><\/span><\/span><\/span>\n<\/p>\n<p><label> <span class=\"wpcf7-form-control-wrap\" data-name=\"your-vorname\"><input size=\"40\" maxlength=\"20\" minlength=\"2\" class=\"wpcf7-form-control wpcf7-text wpcf7-validates-as-required\" aria-required=\"true\" aria-invalid=\"false\" placeholder=\"Your first name (required)\" value=\"\" type=\"text\" name=\"your-vorname\" \/><\/span><\/label><label> <span class=\"wpcf7-form-control-wrap\" data-name=\"your-name\"><input size=\"40\" maxlength=\"20\" minlength=\"2\" class=\"wpcf7-form-control wpcf7-text wpcf7-validates-as-required\" aria-required=\"true\" aria-invalid=\"false\" placeholder=\"Your first name (required)\" value=\"\" type=\"text\" name=\"your-name\" \/><\/span> <\/label>\n<\/p>\n<p>ADDRESS\n<\/p>\n<p><label><span class=\"wpcf7-form-control-wrap\" data-name=\"your-strasse\"><input size=\"40\" maxlength=\"20\" minlength=\"2\" class=\"wpcf7-form-control wpcf7-text\" aria-invalid=\"false\" placeholder=\"Street\" value=\"\" type=\"text\" name=\"your-strasse\" \/><\/span> <\/label><label> <span class=\"wpcf7-form-control-wrap\" data-name=\"your-hausnummer\"><input size=\"40\" maxlength=\"5\" minlength=\"1\" class=\"wpcf7-form-control wpcf7-text\" aria-invalid=\"false\" placeholder=\"No.\" value=\"\" type=\"text\" name=\"your-hausnummer\" \/><\/span> <\/label><label><span class=\"wpcf7-form-control-wrap\" data-name=\"your-postleitzahl\"><input size=\"40\" maxlength=\"8\" minlength=\"1\" class=\"wpcf7-form-control wpcf7-text\" aria-invalid=\"false\" placeholder=\"Postcode\" value=\"\" type=\"text\" name=\"your-postleitzahl\" \/><\/span> <\/label><label><span class=\"wpcf7-form-control-wrap\" data-name=\"your-ort\"><input size=\"40\" maxlength=\"20\" minlength=\"2\" class=\"wpcf7-form-control wpcf7-text\" aria-invalid=\"false\" placeholder=\"City\" value=\"\" type=\"text\" name=\"your-ort\" \/><\/span> <\/label><label><span class=\"wpcf7-form-control-wrap\" data-name=\"your-country\"><input size=\"40\" maxlength=\"20\" minlength=\"2\" class=\"wpcf7-form-control wpcf7-text\" aria-invalid=\"false\" placeholder=\"Country\" value=\"\" type=\"text\" name=\"your-country\" \/><\/span> <\/label><label><span class=\"wpcf7-form-control-wrap\" data-name=\"your-email\"><input size=\"40\" maxlength=\"50\" minlength=\"5\" class=\"wpcf7-form-control wpcf7-email wpcf7-validates-as-required wpcf7-text wpcf7-validates-as-email\" aria-required=\"true\" aria-invalid=\"false\" placeholder=\"E-mail address (required)\" value=\"\" type=\"email\" name=\"your-email\" \/><\/span><\/label><label><span class=\"wpcf7-form-control-wrap\" data-name=\"Telefonnummer\"><input size=\"40\" maxlength=\"25\" minlength=\"6\" class=\"wpcf7-form-control wpcf7-tel wpcf7-text wpcf7-validates-as-tel\" aria-invalid=\"false\" placeholder=\"Landline number\" value=\"\" type=\"tel\" name=\"Telefonnummer\" \/><\/span><\/label><label><span class=\"wpcf7-form-control-wrap\" data-name=\"mobil\"><input size=\"40\" maxlength=\"30\" minlength=\"6\" class=\"wpcf7-form-control wpcf7-tel wpcf7-text wpcf7-validates-as-tel\" aria-invalid=\"false\" placeholder=\"Mobil-Nummer\" value=\"\" type=\"tel\" name=\"mobil\" \/><\/span><\/label>Your message:<br \/>\n<label><span class=\"wpcf7-form-control-wrap\" data-name=\"AnfrageBetreff\"><input size=\"40\" maxlength=\"30\" minlength=\"2\" class=\"wpcf7-form-control wpcf7-text wpcf7-validates-as-required\" aria-required=\"true\" aria-invalid=\"false\" placeholder=\"Subject\" value=\"\" type=\"text\" name=\"AnfrageBetreff\" \/><\/span><\/label><label><span class=\"wpcf7-form-control-wrap\" data-name=\"your-message\"><textarea cols=\"40\" rows=\"10\" maxlength=\"800\" minlength=\"5\" class=\"wpcf7-form-control wpcf7-textarea wpcf7-validates-as-required\" aria-required=\"true\" aria-invalid=\"false\" placeholder=\"Your message (required)\" name=\"your-message\"><\/textarea><\/span> <\/label><br \/>\n<span class=\"wpcf7-form-control-wrap\" data-name=\"acceptance-314\"><span class=\"wpcf7-form-control wpcf7-acceptance\"><span class=\"wpcf7-list-item\"><label><input type=\"checkbox\" name=\"acceptance-314\" value=\"1\" aria-invalid=\"false\" \/><span class=\"wpcf7-list-item-label\">I agree that my details from the contact form are collected and processed in order to answer my enquiry. The data will be deleted after your request has been processed. Note: You can revoke your consent for the future at any time by sending an email to info @ erwinsattler.de. (mandatory field)<\/span><\/label><\/span><\/span><\/span>\n<\/p>\n<p>Please answer the following question to avoid spam. Only then will the send button be active. Thank you very much!<br \/>\nPflichtfeld:<span class=\"wpcf7-form-control-wrap\" data-name=\"quiz-529\"><label><span class=\"wpcf7-quiz-label\">Please enter the country in which the Manufacture ERWIN SATTLER is located.<\/span> <input size=\"40\" class=\"wpcf7-form-control wpcf7-quiz\" autocomplete=\"off\" aria-required=\"true\" aria-invalid=\"false\" type=\"text\" name=\"quiz-529\" \/><\/label><input type=\"hidden\" name=\"_wpcf7_quiz_answer_quiz-529\" value=\"6ffd42e70b6ddb53b74f4b81af8ec435\" \/><\/span><br \/>\n<input class=\"wpcf7-form-control wpcf7-submit has-spinner\" type=\"submit\" value=\"Send request\" \/>\n<\/p><div class=\"wpcf7-response-output\" aria-hidden=\"true\"><\/div>\n<\/form>\n<\/div>\n<\/div>\n\t\t\t\t\t\t<\/div>\n\t\t\t\t<\/div>\n\t\t\t\t\t<\/div>\n\t\t<\/div>\n\t\t\t\t\t<\/div>\n\t\t<\/section>\n\t\t\t\t<\/div>\n\t\t","protected":false},"excerpt":{"rendered":"<p>We always strive to satisfy you. Your opinion is important to us. Your questions and comments help us to continuously improve our service. Erwin Sattler GmbH &amp; Co. KGGro\u00dfuhrenmanufakturLohenstra\u00dfe 6D &#8211; 82166 Gr\u00e4felfingGermany Tel. +49 (0)89 8955806-0 E-mail: info (at) erwinsattler.de<\/p>\n","protected":false},"author":3,"featured_media":0,"parent":0,"menu_order":0,"comment_status":"closed","ping_status":"closed","template":"","meta":{"_acf_changed":false,"site-sidebar-layout":"no-sidebar","site-content-layout":"page-builder","ast-site-content-layout":"full-width-container","site-content-style":"unboxed","site-sidebar-style":"unboxed","ast-global-header-display":"","ast-banner-title-visibility":"","ast-main-header-display":"","ast-hfb-above-header-display":"","ast-hfb-below-header-display":"","ast-hfb-mobile-header-display":"","site-post-title":"disabled","ast-breadcrumbs-content":"","ast-featured-img":"disabled","footer-sml-layout":"","ast-disable-related-posts":"","theme-transparent-header-meta":"default","adv-header-id-meta":"","stick-header-meta":"default","header-above-stick-meta":"","header-main-stick-meta":"","header-below-stick-meta":"","astra-migrate-meta-layouts":"set","ast-page-background-enabled":"default","ast-page-background-meta":{"desktop":{"background-color":"var(--ast-global-color-4)","background-image":"","background-repeat":"repeat","background-position":"center center","background-size":"auto","background-attachment":"scroll","background-type":"","background-media":"","overlay-type":"","overlay-color":"","overlay-opacity":"","overlay-gradient":""},"tablet":{"background-color":"","background-image":"","background-repeat":"repeat","background-position":"center center","background-size":"auto","background-attachment":"scroll","background-type":"","background-media":"","overlay-type":"","overlay-color":"","overlay-opacity":"","overlay-gradient":""},"mobile":{"background-color":"","background-image":"","background-repeat":"repeat","background-position":"center center","background-size":"auto","background-attachment":"scroll","background-type":"","background-media":"","overlay-type":"","overlay-color":"","overlay-opacity":"","overlay-gradient":""}},"ast-content-background-meta":{"desktop":{"background-color":"var(--ast-global-color-5)","background-image":"","background-repeat":"repeat","background-position":"center center","background-size":"auto","background-attachment":"scroll","background-type":"","background-media":"","overlay-type":"","overlay-color":"","overlay-opacity":"","overlay-gradient":""},"tablet":{"background-color":"var(--ast-global-color-5)","background-image":"","background-repeat":"repeat","background-position":"center center","background-size":"auto","background-attachment":"scroll","background-type":"","background-media":"","overlay-type":"","overlay-color":"","overlay-opacity":"","overlay-gradient":""},"mobile":{"background-color":"var(--ast-global-color-5)","background-image":"","background-repeat":"repeat","background-position":"center center","background-size":"auto","background-attachment":"scroll","background-type":"","background-media":"","overlay-type":"","overlay-color":"","overlay-opacity":"","overlay-gradient":""}},"footnotes":""},"class_list":["post-8165","page","type-page","status-publish","hentry"],"acf":[],"yoast_head":"<!-- This site is optimized with the Yoast SEO plugin v26.7 - https:\/\/yoast.com\/wordpress\/plugins\/seo\/ -->\n<title>Contact us - Erwinsattler.com<\/title>\n<meta name=\"description\" content=\"Do you have any questions or comments? - Then contact us by e-mail, telephone or contact form!\" \/>\n<meta name=\"robots\" content=\"index, follow, max-snippet:-1, max-image-preview:large, max-video-preview:-1\" \/>\n<link rel=\"canonical\" href=\"https:\/\/www.erwinsattler.com\/kontakt\/\" \/>\n<meta property=\"og:locale\" content=\"en_US\" \/>\n<meta property=\"og:type\" content=\"article\" \/>\n<meta property=\"og:title\" content=\"Contact us - Erwinsattler.com\" \/>\n<meta property=\"og:description\" content=\"Do you have any questions or comments? - Then contact us by e-mail, telephone or contact form!\" \/>\n<meta property=\"og:url\" content=\"https:\/\/www.erwinsattler.com\/kontakt\/\" \/>\n<meta property=\"og:site_name\" content=\"Erwinsattler.com\" \/>\n<meta property=\"article:publisher\" content=\"https:\/\/www.facebook.com\/erwinsattler\/\" \/>\n<meta property=\"article:modified_time\" content=\"2025-12-12T09:47:47+00:00\" \/>\n<meta property=\"og:image\" content=\"https:\/\/www.erwinsattler.com\/wp-content\/uploads\/2023\/01\/logo.png\" \/>\n\t<meta property=\"og:image:width\" content=\"300\" \/>\n\t<meta property=\"og:image:height\" content=\"179\" \/>\n\t<meta property=\"og:image:type\" content=\"image\/png\" \/>\n<meta name=\"twitter:card\" content=\"summary_large_image\" \/>\n<meta name=\"twitter:label1\" content=\"Est. reading time\" \/>\n\t<meta name=\"twitter:data1\" content=\"1 minute\" \/>\n<script type=\"application\/ld+json\" class=\"yoast-schema-graph\">{\"@context\":\"https:\/\/schema.org\",\"@graph\":[{\"@type\":\"WebPage\",\"@id\":\"https:\/\/www.erwinsattler.com\/kontakt\/\",\"url\":\"https:\/\/www.erwinsattler.com\/kontakt\/\",\"name\":\"Contact us - Erwinsattler.com\",\"isPartOf\":{\"@id\":\"https:\/\/www.erwinsattler.com\/#website\"},\"datePublished\":\"2023-06-14T19:29:48+00:00\",\"dateModified\":\"2025-12-12T09:47:47+00:00\",\"description\":\"Do you have any questions or comments? - Then contact us by e-mail, telephone or contact form!\",\"inLanguage\":\"en-US\",\"potentialAction\":[{\"@type\":\"ReadAction\",\"target\":[\"https:\/\/www.erwinsattler.com\/kontakt\/\"]}]},{\"@type\":\"WebSite\",\"@id\":\"https:\/\/www.erwinsattler.com\/#website\",\"url\":\"https:\/\/www.erwinsattler.com\/\",\"name\":\"ERWIN SATTLER GmbH & Co. KG\",\"description\":\"Exquisite Pendel- &amp; Armbanduhren aus Deutschland\",\"publisher\":{\"@id\":\"https:\/\/www.erwinsattler.com\/#organization\"},\"alternateName\":\"Erwin Sattler\",\"potentialAction\":[{\"@type\":\"SearchAction\",\"target\":{\"@type\":\"EntryPoint\",\"urlTemplate\":\"https:\/\/www.erwinsattler.com\/?s={search_term_string}\"},\"query-input\":{\"@type\":\"PropertyValueSpecification\",\"valueRequired\":true,\"valueName\":\"search_term_string\"}}],\"inLanguage\":\"en-US\"},{\"@type\":\"Organization\",\"@id\":\"https:\/\/www.erwinsattler.com\/#organization\",\"name\":\"ERWIN SATTLER GmbH & Co. KG\",\"alternateName\":\"ERWIN SATTLER GmbH & Co. KG\",\"url\":\"https:\/\/www.erwinsattler.com\/\",\"logo\":{\"@type\":\"ImageObject\",\"inLanguage\":\"en-US\",\"@id\":\"https:\/\/www.erwinsattler.com\/#\/schema\/logo\/image\/\",\"url\":\"https:\/\/www.erwinsattler.com\/wp-content\/uploads\/2023\/01\/logo.png\",\"contentUrl\":\"https:\/\/www.erwinsattler.com\/wp-content\/uploads\/2023\/01\/logo.png\",\"width\":300,\"height\":179,\"caption\":\"ERWIN SATTLER GmbH & Co. KG\"},\"image\":{\"@id\":\"https:\/\/www.erwinsattler.com\/#\/schema\/logo\/image\/\"},\"sameAs\":[\"https:\/\/www.facebook.com\/erwinsattler\/\",\"https:\/\/www.linkedin.com\/company\/erwinsattler\/\",\"https:\/\/www.pinterest.de\/erwinsattler1958\/\",\"https:\/\/www.youtube.com\/channel\/UCjwrRd0F0Dw92oIkRH-L5fA\"]}]}<\/script>\n<!-- \/ Yoast SEO plugin. -->","yoast_head_json":{"title":"Contact us - Erwinsattler.com","description":"Do you have any questions or comments? - Then contact us by e-mail, telephone or contact form!","robots":{"index":"index","follow":"follow","max-snippet":"max-snippet:-1","max-image-preview":"max-image-preview:large","max-video-preview":"max-video-preview:-1"},"canonical":"https:\/\/www.erwinsattler.com\/kontakt\/","og_locale":"en_US","og_type":"article","og_title":"Contact us - Erwinsattler.com","og_description":"Do you have any questions or comments? - Then contact us by e-mail, telephone or contact form!","og_url":"https:\/\/www.erwinsattler.com\/kontakt\/","og_site_name":"Erwinsattler.com","article_publisher":"https:\/\/www.facebook.com\/erwinsattler\/","article_modified_time":"2025-12-12T09:47:47+00:00","og_image":[{"width":300,"height":179,"url":"https:\/\/www.erwinsattler.com\/wp-content\/uploads\/2023\/01\/logo.png","type":"image\/png"}],"twitter_card":"summary_large_image","twitter_misc":{"Est. reading time":"1 minute"},"schema":{"@context":"https:\/\/schema.org","@graph":[{"@type":"WebPage","@id":"https:\/\/www.erwinsattler.com\/kontakt\/","url":"https:\/\/www.erwinsattler.com\/kontakt\/","name":"Contact us - Erwinsattler.com","isPartOf":{"@id":"https:\/\/www.erwinsattler.com\/#website"},"datePublished":"2023-06-14T19:29:48+00:00","dateModified":"2025-12-12T09:47:47+00:00","description":"Do you have any questions or comments? - Then contact us by e-mail, telephone or contact form!","inLanguage":"en-US","potentialAction":[{"@type":"ReadAction","target":["https:\/\/www.erwinsattler.com\/kontakt\/"]}]},{"@type":"WebSite","@id":"https:\/\/www.erwinsattler.com\/#website","url":"https:\/\/www.erwinsattler.com\/","name":"ERWIN SATTLER GmbH & Co. KG","description":"Exquisite Pendel- &amp; Armbanduhren aus Deutschland","publisher":{"@id":"https:\/\/www.erwinsattler.com\/#organization"},"alternateName":"Erwin Sattler","potentialAction":[{"@type":"SearchAction","target":{"@type":"EntryPoint","urlTemplate":"https:\/\/www.erwinsattler.com\/?s={search_term_string}"},"query-input":{"@type":"PropertyValueSpecification","valueRequired":true,"valueName":"search_term_string"}}],"inLanguage":"en-US"},{"@type":"Organization","@id":"https:\/\/www.erwinsattler.com\/#organization","name":"ERWIN SATTLER GmbH & Co. KG","alternateName":"ERWIN SATTLER GmbH & Co. KG","url":"https:\/\/www.erwinsattler.com\/","logo":{"@type":"ImageObject","inLanguage":"en-US","@id":"https:\/\/www.erwinsattler.com\/#\/schema\/logo\/image\/","url":"https:\/\/www.erwinsattler.com\/wp-content\/uploads\/2023\/01\/logo.png","contentUrl":"https:\/\/www.erwinsattler.com\/wp-content\/uploads\/2023\/01\/logo.png","width":300,"height":179,"caption":"ERWIN SATTLER GmbH & Co. KG"},"image":{"@id":"https:\/\/www.erwinsattler.com\/#\/schema\/logo\/image\/"},"sameAs":["https:\/\/www.facebook.com\/erwinsattler\/","https:\/\/www.linkedin.com\/company\/erwinsattler\/","https:\/\/www.pinterest.de\/erwinsattler1958\/","https:\/\/www.youtube.com\/channel\/UCjwrRd0F0Dw92oIkRH-L5fA"]}]}},"_links":{"self":[{"href":"https:\/\/www.erwinsattler.com\/en\/wp-json\/wp\/v2\/pages\/8165","targetHints":{"allow":["GET"]}}],"collection":[{"href":"https:\/\/www.erwinsattler.com\/en\/wp-json\/wp\/v2\/pages"}],"about":[{"href":"https:\/\/www.erwinsattler.com\/en\/wp-json\/wp\/v2\/types\/page"}],"author":[{"embeddable":true,"href":"https:\/\/www.erwinsattler.com\/en\/wp-json\/wp\/v2\/users\/3"}],"replies":[{"embeddable":true,"href":"https:\/\/www.erwinsattler.com\/en\/wp-json\/wp\/v2\/comments?post=8165"}],"version-history":[{"count":9,"href":"https:\/\/www.erwinsattler.com\/en\/wp-json\/wp\/v2\/pages\/8165\/revisions"}],"predecessor-version":[{"id":27483,"href":"https:\/\/www.erwinsattler.com\/en\/wp-json\/wp\/v2\/pages\/8165\/revisions\/27483"}],"wp:attachment":[{"href":"https:\/\/www.erwinsattler.com\/en\/wp-json\/wp\/v2\/media?parent=8165"}],"curies":[{"name":"wp","href":"https:\/\/api.w.org\/{rel}","templated":true}]}}